{"id":3598,"date":"2025-11-30T17:27:53","date_gmt":"2025-11-30T16:27:53","guid":{"rendered":"https:\/\/slacking.pl\/?post_type=product&#038;p=3598"},"modified":"2025-12-01T18:30:59","modified_gmt":"2025-12-01T17:30:59","slug":"slackline-tank-top-natures-line","status":"publish","type":"product","link":"https:\/\/slacking.pl\/index.php\/produkt\/slackline-tank-top-natures-line\/","title":{"rendered":"Slackline Tank Top  Nature&#8217;s Line"},"content":{"rendered":"<p data-start=\"78\" data-end=\"292\">Oryginalna koszulka&nbsp;<strong data-start=\"98\" data-end=\"117\">\u201eNature\u2019s Line\u201d<\/strong>&nbsp;z autorsk\u0105 grafik\u0105 w stylu drzeworytu, przedstawiaj\u0105c\u0105 g\u00f3ry, jezioro i slackline.<br \/>\nUnikalny design, jedyny taki egzemplarz.<\/p>\n<p data-start=\"294\" data-end=\"473\"><strong data-start=\"296\" data-end=\"308\">Sitodruk<\/strong> wykonany r\u0119cznie ekologicznymi, wodnymi farbami.<br data-start=\"416\" data-end=\"419\" data-is-only-node=\"\"><strong data-start=\"421\" data-end=\"436\">Pra\u0107 w 30\u00b0C<\/strong>, aby zachowa\u0107 intensywno\u015b\u0107 kolor\u00f3w<\/p>\n<p data-start=\"475\" data-end=\"524\">Dla mi\u0142o\u015bnik\u00f3w slackline, sztuki i natury!<\/p>\n<hr>\n<p data-start=\"475\" data-end=\"524\">Wymiary:<br \/>\nSzeroko\u015b\u0107: 53 cm<br \/>\nD\u0142ugo\u015b\u0107: 73 cm<\/p>\n<p>\u2014\u2014\u2014\u2014-<br \/>\nMaterial: Cotton 100%<\/p>\n","protected":false},"excerpt":{"rendered":"<p>Oryginalna koszulka&nbsp;\u201eNature\u2019s Line\u201d&nbsp;z autorsk\u0105 grafik\u0105 w stylu drzeworytu, przedstawiaj\u0105c\u0105 g\u00f3ry, jezioro i slackline. Unikalny design, jedyny taki egzemplarz. Sitodruk wykonany r\u0119cznie ekologicznymi, wodnymi farbami.Pra\u0107 w 30\u00b0C, aby zachowa\u0107 intensywno\u015b\u0107 kolor\u00f3w Dla mi\u0142o\u015bnik\u00f3w slackline, sztuki i natury! Wymiary: Szeroko\u015b\u0107: 53 cm D\u0142ugo\u015b\u0107: 73 cm \u2014\u2014\u2014\u2014- Material: Cotton 100%<\/p>\n","protected":false},"featured_media":3599,"comment_status":"open","ping_status":"closed","template":"","meta":{"ngg_post_thumbnail":0,"jetpack_post_was_ever_published":false,"jetpack_publicize_message":"","jetpack_publicize_feature_enabled":true,"jetpack_social_post_already_shared":true,"jetpack_social_options":{"image_generator_settings":{"template":"highway","default_image_id":0,"font":"","enabled":false},"version":2}},"product_brand":[],"product_cat":[35],"product_tag":[104,103,105],"class_list":{"0":"post-3598","1":"product","2":"type-product","3":"status-publish","4":"has-post-thumbnail","6":"product_cat-man-tank-tops","7":"product_tag-muscle-vest","8":"product_tag-slackine","9":"product_tag-tank-top","11":"first","12":"instock","13":"taxable","14":"shipping-taxable","15":"purchasable","16":"product-type-variable"},"jetpack_publicize_connections":[],"jetpack_sharing_enabled":true,"_links":{"self":[{"href":"https:\/\/slacking.pl\/index.php\/wp-json\/wp\/v2\/product\/3598","targetHints":{"allow":["GET"]}}],"collection":[{"href":"https:\/\/slacking.pl\/index.php\/wp-json\/wp\/v2\/product"}],"about":[{"href":"https:\/\/slacking.pl\/index.php\/wp-json\/wp\/v2\/types\/product"}],"replies":[{"embeddable":true,"href":"https:\/\/slacking.pl\/index.php\/wp-json\/wp\/v2\/comments?post=3598"}],"wp:featuredmedia":[{"embeddable":true,"href":"https:\/\/slacking.pl\/index.php\/wp-json\/wp\/v2\/media\/3599"}],"wp:attachment":[{"href":"https:\/\/slacking.pl\/index.php\/wp-json\/wp\/v2\/media?parent=3598"}],"wp:term":[{"taxonomy":"product_brand","embeddable":true,"href":"https:\/\/slacking.pl\/index.php\/wp-json\/wp\/v2\/product_brand?post=3598"},{"taxonomy":"product_cat","embeddable":true,"href":"https:\/\/slacking.pl\/index.php\/wp-json\/wp\/v2\/product_cat?post=3598"},{"taxonomy":"product_tag","embeddable":true,"href":"https:\/\/slacking.pl\/index.php\/wp-json\/wp\/v2\/product_tag?post=3598"}],"curies":[{"name":"wp","href":"https:\/\/api.w.org\/{rel}","templated":true}]}}