{"id":3157,"date":"2025-03-21T10:39:51","date_gmt":"2025-03-21T09:39:51","guid":{"rendered":"https:\/\/slacking.pl\/?post_type=product&#038;p=3157"},"modified":"2025-11-05T21:12:38","modified_gmt":"2025-11-05T20:12:38","slug":"slackline-t-shirt-slacklife","status":"publish","type":"product","link":"https:\/\/slacking.pl\/index.php\/produkt\/slackline-t-shirt-slacklife\/","title":{"rendered":"Slackline T-shirt Slacklife"},"content":{"rendered":"","protected":false},"excerpt":{"rendered":"<p data-start=\"80\" data-end=\"278\">Unikalna koszulka <strong data-start=\"98\" data-end=\"113\">\u201eSlacklife\u201d<\/strong>, kt\u00f3ra oddaje ducha slackline! Typograficzny wz\u00f3r \u0142\u0105czy r\u00f3\u017cne dyscypliny, tworz\u0105c dynamiczny, inspirowany ruchem design.<\/p>\n<p data-start=\"280\" data-end=\"494\"><strong data-start=\"282\" data-end=\"294\">Sitodruk<\/strong> z <strong data-start=\"297\" data-end=\"329\">\u017c\u00f3\u0142tym, brokatowym nadrukiem<\/strong> <br data-start=\"331\" data-end=\"334\" \/><strong data-start=\"336\" data-end=\"363\" data-is-only-node=\"\">Bawe\u0142na w kolorze khaki<\/strong> \u2013 naturalny, outdoorowy styl<br data-start=\"392\" data-end=\"395\" \/><strong data-start=\"397\" data-end=\"423\">Jedyny taki egzemplarz<\/strong> \u2013 unikatowy projekt<br data-start=\"443\" data-end=\"446\" \/><strong data-start=\"448\" data-end=\"463\">Pra\u0107 w 30\u00b0C<\/strong>, aby d\u0142u\u017cej zachowa\u0107 jako\u015b\u0107 nadruku<\/p>\n<p data-start=\"496\" data-end=\"544\">Dla tych, kt\u00f3rzy \u017cyj\u0105 w rytmie slacklife!<\/p>\n<hr \/>\n<p data-start=\"475\" data-end=\"524\">Wymiary:<br \/>\nSzeroko\u015b\u0107: 43 cm<br \/>\nD\u0142ugo\u015b\u0107: 66 cm<\/p>\n<p>&nbsp;<\/p>\n","protected":false},"featured_media":3158,"comment_status":"open","ping_status":"closed","template":"","meta":{"ngg_post_thumbnail":0,"jetpack_post_was_ever_published":true,"jetpack_publicize_message":"","jetpack_publicize_feature_enabled":true,"jetpack_social_post_already_shared":true,"jetpack_social_options":{"image_generator_settings":{"template":"highway","default_image_id":0,"font":"","enabled":false},"version":2}},"product_brand":[],"product_cat":[27],"product_tag":[81,82,32,29,64],"class_list":{"0":"post-3157","1":"product","2":"type-product","3":"status-publish","4":"has-post-thumbnail","6":"product_cat-ladies-tshirts","7":"product_tag-balans","8":"product_tag-rownowaga","9":"product_tag-slacklife","10":"product_tag-slackline","11":"product_tag-slackliner","13":"first","14":"instock","15":"taxable","16":"shipping-taxable","17":"purchasable","18":"product-type-simple"},"jetpack_publicize_connections":[],"jetpack_sharing_enabled":true,"_links":{"self":[{"href":"https:\/\/slacking.pl\/index.php\/wp-json\/wp\/v2\/product\/3157","targetHints":{"allow":["GET"]}}],"collection":[{"href":"https:\/\/slacking.pl\/index.php\/wp-json\/wp\/v2\/product"}],"about":[{"href":"https:\/\/slacking.pl\/index.php\/wp-json\/wp\/v2\/types\/product"}],"replies":[{"embeddable":true,"href":"https:\/\/slacking.pl\/index.php\/wp-json\/wp\/v2\/comments?post=3157"}],"wp:featuredmedia":[{"embeddable":true,"href":"https:\/\/slacking.pl\/index.php\/wp-json\/wp\/v2\/media\/3158"}],"wp:attachment":[{"href":"https:\/\/slacking.pl\/index.php\/wp-json\/wp\/v2\/media?parent=3157"}],"wp:term":[{"taxonomy":"product_brand","embeddable":true,"href":"https:\/\/slacking.pl\/index.php\/wp-json\/wp\/v2\/product_brand?post=3157"},{"taxonomy":"product_cat","embeddable":true,"href":"https:\/\/slacking.pl\/index.php\/wp-json\/wp\/v2\/product_cat?post=3157"},{"taxonomy":"product_tag","embeddable":true,"href":"https:\/\/slacking.pl\/index.php\/wp-json\/wp\/v2\/product_tag?post=3157"}],"curies":[{"name":"wp","href":"https:\/\/api.w.org\/{rel}","templated":true}]}}