{"id":2830,"date":"2020-11-29T13:35:50","date_gmt":"2020-11-29T12:35:50","guid":{"rendered":"http:\/\/slacking.pl\/?post_type=product&#038;p=2830"},"modified":"2025-11-30T17:42:56","modified_gmt":"2025-11-30T16:42:56","slug":"slackline-natures-linet-shirt","status":"publish","type":"product","link":"https:\/\/slacking.pl\/index.php\/produkt\/slackline-natures-linet-shirt\/","title":{"rendered":"Slackline T-shirt Nature\u2019s Line"},"content":{"rendered":"","protected":false},"excerpt":{"rendered":"<p data-start=\"78\" data-end=\"292\">Oryginalna koszulka <strong data-start=\"98\" data-end=\"117\">\u201eNature\u2019s Line\u201d<\/strong> z autorsk\u0105 grafik\u0105 w stylu drzeworytu, przedstawiaj\u0105c\u0105 g\u00f3ry, jezioro i slackline.<br \/>\nUnikalny design podkre\u015blony efektem <strong data-start=\"236\" data-end=\"249\">batik dye<\/strong> jedyny taki egzemplarz.<\/p>\n<p data-start=\"294\" data-end=\"473\"><strong data-start=\"296\" data-end=\"308\">Sitodruk<\/strong> wykonany r\u0119cznie ekologicznymi, wodnymi farbami <br data-start=\"351\" data-end=\"354\"><strong data-start=\"356\" data-end=\"385\">Barwiona bawe\u0142na batikowa<\/strong> \u2013 niepowtarzalny efekt vintage<br data-start=\"416\" data-end=\"419\" data-is-only-node=\"\"><strong data-start=\"421\" data-end=\"436\">Pra\u0107 w 30\u00b0C<\/strong>, aby zachowa\u0107 intensywno\u015b\u0107 kolor\u00f3w<\/p>\n<p data-start=\"475\" data-end=\"524\">Dla mi\u0142o\u015bnik\u00f3w slackline, sztuki i natury!<\/p>\n<p>&nbsp;<\/p>\n<hr>\n<p data-start=\"475\" data-end=\"524\"><strong>Aktualnie dost\u0119pny tylko rozmiar XL!<\/strong><\/p>\n<p data-start=\"475\" data-end=\"524\">Wymiary:<br \/>\nSzeroko\u015b\u0107: 56 cm<br \/>\nD\u0142ugo\u015b\u0107: 66 cm<\/p>\n<p>&#8212;&#8212;&#8212;&#8212;-<br \/>\nMaterial: Cotton 100%<\/p>\n","protected":false},"featured_media":3147,"comment_status":"open","ping_status":"closed","template":"","meta":{"ngg_post_thumbnail":0,"jetpack_post_was_ever_published":true,"jetpack_publicize_message":"","jetpack_publicize_feature_enabled":true,"jetpack_social_post_already_shared":true,"jetpack_social_options":{"image_generator_settings":{"template":"highway","default_image_id":0,"font":"","enabled":false},"version":2}},"product_brand":[],"product_cat":[27],"product_tag":[81,82,32,29,64],"class_list":{"0":"post-2830","1":"product","2":"type-product","3":"status-publish","4":"has-post-thumbnail","6":"product_cat-ladies-tshirts","7":"product_tag-balans","8":"product_tag-rownowaga","9":"product_tag-slacklife","10":"product_tag-slackline","11":"product_tag-slackliner","13":"first","14":"instock","15":"taxable","16":"shipping-taxable","17":"purchasable","18":"product-type-simple"},"jetpack_publicize_connections":[],"jetpack_sharing_enabled":true,"_links":{"self":[{"href":"https:\/\/slacking.pl\/index.php\/wp-json\/wp\/v2\/product\/2830","targetHints":{"allow":["GET"]}}],"collection":[{"href":"https:\/\/slacking.pl\/index.php\/wp-json\/wp\/v2\/product"}],"about":[{"href":"https:\/\/slacking.pl\/index.php\/wp-json\/wp\/v2\/types\/product"}],"replies":[{"embeddable":true,"href":"https:\/\/slacking.pl\/index.php\/wp-json\/wp\/v2\/comments?post=2830"}],"wp:featuredmedia":[{"embeddable":true,"href":"https:\/\/slacking.pl\/index.php\/wp-json\/wp\/v2\/media\/3147"}],"wp:attachment":[{"href":"https:\/\/slacking.pl\/index.php\/wp-json\/wp\/v2\/media?parent=2830"}],"wp:term":[{"taxonomy":"product_brand","embeddable":true,"href":"https:\/\/slacking.pl\/index.php\/wp-json\/wp\/v2\/product_brand?post=2830"},{"taxonomy":"product_cat","embeddable":true,"href":"https:\/\/slacking.pl\/index.php\/wp-json\/wp\/v2\/product_cat?post=2830"},{"taxonomy":"product_tag","embeddable":true,"href":"https:\/\/slacking.pl\/index.php\/wp-json\/wp\/v2\/product_tag?post=2830"}],"curies":[{"name":"wp","href":"https:\/\/api.w.org\/{rel}","templated":true}]}}