{"id":3440,"date":"2025-11-11T16:50:42","date_gmt":"2025-11-11T15:50:42","guid":{"rendered":"https:\/\/slacking.pl\/index.php\/wzory\/"},"modified":"2025-12-06T13:34:54","modified_gmt":"2025-12-06T12:34:54","slug":"wzory","status":"publish","type":"page","link":"https:\/\/slacking.pl\/index.php\/wzory\/","title":{"rendered":"Wzory"},"content":{"rendered":"<div id=\"pl-gb3440-69e0138c42da7\"  class=\"panel-layout\" ><div id=\"pg-gb3440-69e0138c42da7-0\"  class=\"panel-grid panel-no-style\" ><div id=\"pgc-gb3440-69e0138c42da7-0-0\"  class=\"panel-grid-cell\" ><div id=\"panel-gb3440-69e0138c42da7-0-0-0\" class=\"so-panel widget widget_sow-headline panel-first-child\" data-index=\"0\" ><div\n\t\t\t\n\t\t\tclass=\"so-widget-sow-headline so-widget-sow-headline-default-d2e5d0b5f3af-3440\"\n\t\t\t\n\t\t><div class=\"sow-headline-container \">\n\t\t\t\t\t\t\t<h3 class=\"sow-headline\">\n\t\t\t\t\t\tKa\u017cdy projekt drukuj\u0119 na zam\u00f3wienie.\t\t\t\t\t\t<\/h3>\n\t\t\t\t\t\t\t\t\t\t\t\t<h3 class=\"sow-sub-headline\">\n\t\t\t\t\t\tTutaj znajdziesz wszystkie wzory, kt\u00f3re stworzy\u0142am \u2014 ka\u017cdy mo\u017cesz wybra\u0107, spersonalizowa\u0107 i zam\u00f3wi\u0107 specjalnie dla siebie.\t\t\t\t\t\t<\/h3>\n\t\t\t\t\t\t\t\t\t\t\t<div class=\"decoration\">\n\t\t\t\t\t\t<div class=\"decoration-inside\"><\/div>\n\t\t\t\t\t<\/div>\n\t\t\t\t\t<\/div>\n<\/div><\/div><div id=\"panel-gb3440-69e0138c42da7-0-0-1\" class=\"so-panel widget widget_sow-editor panel-last-child\" data-index=\"1\" ><div\n\t\t\t\n\t\t\tclass=\"so-widget-sow-editor so-widget-sow-editor-base\"\n\t\t\t\n\t\t>\n<div class=\"siteorigin-widget-tinymce textwidget\">\n\tngg_shortcode_0_placeholder\n<\/div>\n<\/div><\/div><\/div><\/div><\/div>\n\n\n<p><\/p>\n","protected":false},"excerpt":{"rendered":"","protected":false},"author":1,"featured_media":0,"parent":0,"menu_order":0,"comment_status":"closed","ping_status":"closed","template":"","meta":{"ngg_post_thumbnail":0,"jetpack_post_was_ever_published":false,"footnotes":""},"class_list":["post-3440","page","type-page","status-publish","hentry"],"jetpack_sharing_enabled":true,"jetpack_shortlink":"https:\/\/wp.me\/PaNKVB-Tu","_links":{"self":[{"href":"https:\/\/slacking.pl\/index.php\/wp-json\/wp\/v2\/pages\/3440","targetHints":{"allow":["GET"]}}],"collection":[{"href":"https:\/\/slacking.pl\/index.php\/wp-json\/wp\/v2\/pages"}],"about":[{"href":"https:\/\/slacking.pl\/index.php\/wp-json\/wp\/v2\/types\/page"}],"author":[{"embeddable":true,"href":"https:\/\/slacking.pl\/index.php\/wp-json\/wp\/v2\/users\/1"}],"replies":[{"embeddable":true,"href":"https:\/\/slacking.pl\/index.php\/wp-json\/wp\/v2\/comments?post=3440"}],"version-history":[{"count":17,"href":"https:\/\/slacking.pl\/index.php\/wp-json\/wp\/v2\/pages\/3440\/revisions"}],"predecessor-version":[{"id":3637,"href":"https:\/\/slacking.pl\/index.php\/wp-json\/wp\/v2\/pages\/3440\/revisions\/3637"}],"wp:attachment":[{"href":"https:\/\/slacking.pl\/index.php\/wp-json\/wp\/v2\/media?parent=3440"}],"curies":[{"name":"wp","href":"https:\/\/api.w.org\/{rel}","templated":true}]}}