{"id":3357,"date":"2025-11-11T21:30:55","date_gmt":"2025-11-11T20:30:55","guid":{"rendered":"https:\/\/slacking.pl\/?page_id=3357"},"modified":"2025-12-06T13:35:53","modified_gmt":"2025-12-06T12:35:53","slug":"wspolpraca","status":"publish","type":"page","link":"https:\/\/slacking.pl\/index.php\/wspolpraca\/","title":{"rendered":"Wsp\u00f3\u0142praca"},"content":{"rendered":"<div id=\"pl-3357\"  class=\"panel-layout\" ><div id=\"pg-3357-0\"  class=\"panel-grid panel-no-style\" ><div id=\"pgc-3357-0-0\"  class=\"panel-grid-cell\" ><div id=\"panel-3357-0-0-0\" class=\"so-panel widget widget_sow-headline panel-first-child panel-last-child\" data-index=\"0\" ><div\n\t\t\t\n\t\t\tclass=\"so-widget-sow-headline so-widget-sow-headline-default-94e9392f1b6a-3357\"\n\t\t\t\n\t\t><div class=\"sow-headline-container \">\n\t\t\t\t\t\t\t<h2 class=\"sow-headline\">\n\t\t\t\t\t\tTworz\u0119 grafiki na eventy, festiwale i projekty slackline\u2019owe.\t\t\t\t\t\t<\/h2>\n\t\t\t\t\t\t\t\t\t\t\t<div class=\"decoration\">\n\t\t\t\t\t\t<div class=\"decoration-inside\"><\/div>\n\t\t\t\t\t<\/div>\n\t\t\t\t\t<\/div>\n<\/div><\/div><\/div><\/div><div id=\"pg-3357-1\"  class=\"panel-grid panel-no-style\" ><div id=\"pgc-3357-1-0\"  class=\"panel-grid-cell\" ><div id=\"panel-3357-1-0-0\" class=\"so-panel widget widget_sow-editor panel-first-child panel-last-child\" data-index=\"1\" ><div\n\t\t\t\n\t\t\tclass=\"so-widget-sow-editor so-widget-sow-editor-base\"\n\t\t\t\n\t\t><h3 class=\"widget-title\">Slackline Warszawa<\/h3>\n<div class=\"siteorigin-widget-tinymce textwidget\">\n\t<p>Zacz\u0119\u0142o si\u0119 od logotypu dla spo\u0142eczno\u015bci <a href=\"https:\/\/slackline.warszawa.pl\/\">Slackline Warszawa<\/a>,<br \/>\npowsta\u0142y te\u017c koszulki i materia\u0142y do promocji grupy.<\/p>\n<p>&nbsp;<\/p>\n<\/div>\n<\/div><\/div><\/div><div id=\"pgc-3357-1-1\"  class=\"panel-grid-cell\" ><div id=\"panel-3357-1-1-0\" class=\"so-panel widget widget_sow-editor panel-first-child panel-last-child\" data-index=\"2\" ><div\n\t\t\t\n\t\t\tclass=\"so-widget-sow-editor so-widget-sow-editor-base\"\n\t\t\t\n\t\t>\n<div class=\"siteorigin-widget-tinymce textwidget\">\n\t<div class=\"siteorigin-widget-tinymce textwidget\">\nngg_shortcode_0_placeholder<\/div>\n<\/div>\n<\/div><\/div><\/div><\/div><div id=\"pg-3357-2\"  class=\"panel-grid panel-no-style\" ><div id=\"pgc-3357-2-0\"  class=\"panel-grid-cell\" ><div id=\"panel-3357-2-0-0\" class=\"so-panel widget widget_sow-editor panel-first-child panel-last-child\" data-index=\"3\" ><div\n\t\t\t\n\t\t\tclass=\"so-widget-sow-editor so-widget-sow-editor-base\"\n\t\t\t\n\t\t><h3 class=\"widget-title\">Logotypy dla marek slackline\u2019owych.<\/h3>\n<div class=\"siteorigin-widget-tinymce textwidget\">\n\t<p>Zaprojektowa\u0142am logotypy dla:<br \/>\n\u2022 <a href=\"http:\/\/petramslack.com\">Petram Slacklines<\/a> (producent wysokiej jako\u015bci sprz\u0119tu slackline),<br data-start=\"213\" data-end=\"216\" data-is-only-node=\"\"\/>\u2022 <a href=\"https:\/\/slackguide.info\">SlackGuide<\/a> (informatora i kalendarium wydarze\u0144 slackline\u2019owych),<br data-start=\"311\" data-end=\"314\"\/>\u2022 <a href=\"https:\/\/www.strefaslackline.pl\/\">Strefa Slackline<\/a> (mobilnej strefy treningowej slackline).<\/p>\n<\/div>\n<\/div><\/div><\/div><div id=\"pgc-3357-2-1\"  class=\"panel-grid-cell\" ><div id=\"panel-3357-2-1-0\" class=\"so-panel widget widget_sow-editor panel-first-child panel-last-child\" data-index=\"4\" ><div\n\t\t\t\n\t\t\tclass=\"so-widget-sow-editor so-widget-sow-editor-base\"\n\t\t\t\n\t\t>\n<div class=\"siteorigin-widget-tinymce textwidget\">\n\t<div class=\"siteorigin-widget-tinymce textwidget\">\nngg_shortcode_1_placeholder<\/div>\n<\/div>\n<\/div><\/div><\/div><\/div><div id=\"pg-3357-3\"  class=\"panel-grid panel-no-style\" ><div id=\"pgc-3357-3-0\"  class=\"panel-grid-cell\" ><div id=\"panel-3357-3-0-0\" class=\"so-panel widget widget_sow-editor panel-first-child panel-last-child\" data-index=\"5\" ><div\n\t\t\t\n\t\t\tclass=\"so-widget-sow-editor so-widget-sow-editor-base\"\n\t\t\t\n\t\t><h3 class=\"widget-title\">Projekty na slacklinowe wydarzenia<\/h3>\n<div class=\"siteorigin-widget-tinymce textwidget\">\n\t<p>\u2022 Girls Only Festival Festiwal 2017 teraz&nbsp; <strong>Highline Womens Meeting,<br \/>\n<\/strong><strong>\u2022 Projekt 1,5 kilometra <\/strong>2024 - highlinowy rekord Polski,<br \/>\n\u2022 <strong>Wojciesz\u00f3w Higline Gathering<\/strong> 2025.<\/p>\n<\/div>\n<\/div><\/div><\/div><div id=\"pgc-3357-3-1\"  class=\"panel-grid-cell\" ><div id=\"panel-3357-3-1-0\" class=\"so-panel widget widget_sow-editor panel-first-child panel-last-child\" data-index=\"6\" ><div\n\t\t\t\n\t\t\tclass=\"so-widget-sow-editor so-widget-sow-editor-base\"\n\t\t\t\n\t\t>\n<div class=\"siteorigin-widget-tinymce textwidget\">\n\t<div class=\"siteorigin-widget-tinymce textwidget\">\nngg_shortcode_2_placeholder<\/div>\n<\/div>\n<\/div><\/div><\/div><\/div><div id=\"pg-3357-4\"  class=\"panel-grid panel-no-style\" ><div id=\"pgc-3357-4-0\"  class=\"panel-grid-cell\" ><div id=\"panel-3357-4-0-0\" class=\"so-panel widget widget_sow-headline panel-first-child\" data-index=\"7\" ><div\n\t\t\t\n\t\t\tclass=\"so-widget-sow-headline so-widget-sow-headline-default-8ee707d58bcd-3357\"\n\t\t\t\n\t\t><div class=\"sow-headline-container \">\n\t\t\t\t\t\t<div class=\"decoration\">\n\t\t\t\t\t\t<div class=\"decoration-inside\"><\/div>\n\t\t\t\t\t<\/div>\n\t\t\t\t\t\t\t\t\t\t\t<h3 class=\"sow-sub-headline\">\n\t\t\t\t\t\tJe\u015bli masz pomys\u0142 na wsp\u00f3\u0142prac\u0119, chcesz wyr\u00f3\u017cni\u0107 swoje wydarzenie lub mark\u0119 \t\t\t\t\t\t<\/h3>\n\t\t\t\t\t\t<\/div>\n<\/div><\/div><div id=\"panel-3357-4-0-1\" class=\"so-panel widget widget_sow-button panel-last-child\" data-index=\"8\" ><div\n\t\t\t\n\t\t\tclass=\"so-widget-sow-button so-widget-sow-button-flat-c445fd2c22f8-3357\"\n\t\t\t\n\t\t><div class=\"ow-button-base ow-button-align-left\"\n>\n\t\t\t<a\n\t\t\t\t\thref=\"https:\/\/slacking.pl\/index.php\/home\/contact\"\n\t\t\t\t\tclass=\"sowb-button ow-icon-placement-left ow-button-hover\" \t>\n\t\t<span>\n\t\t\t<span class=\"sow-icon-fontawesome sow-far\" data-sow-icon=\"&#xf0e0;\"\n\t\tstyle=\"color: #ffffff\" \n\t\taria-hidden=\"true\"><\/span>\n\t\t\tNAPISZ DO MNIE\t\t<\/span>\n\t\t\t<\/a>\n\t<\/div>\n<\/div><\/div><\/div><\/div><\/div>","protected":false},"excerpt":{"rendered":"<p>Zacz\u0119\u0142o si\u0119 od logotypu dla spo\u0142eczno\u015bci Slackline Warszawa, powsta\u0142y te\u017c koszulki i materia\u0142y do promocji grupy. &nbsp;<\/p>\n","protected":false},"author":1,"featured_media":0,"parent":0,"menu_order":0,"comment_status":"closed","ping_status":"closed","template":"","meta":{"ngg_post_thumbnail":0,"jetpack_post_was_ever_published":false,"footnotes":""},"class_list":["post-3357","page","type-page","status-publish","hentry"],"jetpack_sharing_enabled":true,"jetpack_shortlink":"https:\/\/wp.me\/PaNKVB-S9","_links":{"self":[{"href":"https:\/\/slacking.pl\/index.php\/wp-json\/wp\/v2\/pages\/3357","targetHints":{"allow":["GET"]}}],"collection":[{"href":"https:\/\/slacking.pl\/index.php\/wp-json\/wp\/v2\/pages"}],"about":[{"href":"https:\/\/slacking.pl\/index.php\/wp-json\/wp\/v2\/types\/page"}],"author":[{"embeddable":true,"href":"https:\/\/slacking.pl\/index.php\/wp-json\/wp\/v2\/users\/1"}],"replies":[{"embeddable":true,"href":"https:\/\/slacking.pl\/index.php\/wp-json\/wp\/v2\/comments?post=3357"}],"version-history":[{"count":41,"href":"https:\/\/slacking.pl\/index.php\/wp-json\/wp\/v2\/pages\/3357\/revisions"}],"predecessor-version":[{"id":3638,"href":"https:\/\/slacking.pl\/index.php\/wp-json\/wp\/v2\/pages\/3357\/revisions\/3638"}],"wp:attachment":[{"href":"https:\/\/slacking.pl\/index.php\/wp-json\/wp\/v2\/media?parent=3357"}],"curies":[{"name":"wp","href":"https:\/\/api.w.org\/{rel}","templated":true}]}}