{"id":3329,"date":"2025-11-11T11:47:04","date_gmt":"2025-11-11T10:47:04","guid":{"rendered":"https:\/\/slacking.pl\/?page_id=3329"},"modified":"2025-11-13T19:31:24","modified_gmt":"2025-11-13T18:31:24","slug":"o-marce","status":"publish","type":"page","link":"https:\/\/slacking.pl\/index.php\/o-marce\/","title":{"rendered":"O marce Slacking"},"content":{"rendered":"<div id=\"pl-gb3329-69e028d80bc96\"  class=\"panel-layout\" ><div id=\"pg-gb3329-69e028d80bc96-0\"  class=\"panel-grid panel-no-style\" ><div id=\"pgc-gb3329-69e028d80bc96-0-0\"  class=\"panel-grid-cell\" ><div id=\"panel-gb3329-69e028d80bc96-0-0-0\" class=\"so-panel widget widget_sow-editor panel-first-child\" data-index=\"0\" ><div\n\t\t\t\n\t\t\tclass=\"so-widget-sow-editor so-widget-sow-editor-base\"\n\t\t\t\n\t\t><h3 class=\"widget-title\">Wywa\u017cony chaos<\/h3>\n<div class=\"siteorigin-widget-tinymce textwidget\">\n\t<p><strong>Slacking<\/strong> powsta\u0142 z potrzeby po\u0142\u0105czenia dw\u00f3ch \u015bwiat\u00f3w \u2014 grafiki i slackline\u2019u.\u2028 <strong>Zrodzi\u0142 si\u0119 z pasji<\/strong>, kt\u00f3ra od lat towarzyszy mi na ta\u015bmie i w pracy tw\u00f3rczej.\u2028&nbsp;<\/p>\n<\/div>\n<\/div><\/div><div id=\"panel-gb3329-69e028d80bc96-0-0-1\" class=\"so-panel widget widget_sow-editor\" data-index=\"1\" ><div\n\t\t\t\n\t\t\tclass=\"so-widget-sow-editor so-widget-sow-editor-base\"\n\t\t\t\n\t\t><h3 class=\"widget-title\">Idea<\/h3>\n<div class=\"siteorigin-widget-tinymce textwidget\">\n\t<p>Projektowanie to dla mnie forma poszukiwania r\u00f3wnowagi \u2014 mi\u0119dzy ruchem a spokojem, minimalizmem a ekspresj\u0105.\u2028 Ka\u017cdy wz\u00f3r powstaje od serca \u2014 czasem z odrobin\u0105 chaosu, ale zawsze z pasj\u0105.<\/p>\n<\/div>\n<\/div><\/div><div id=\"panel-gb3329-69e028d80bc96-0-0-2\" class=\"so-panel widget widget_sow-editor panel-last-child\" data-index=\"2\" ><div\n\t\t\t\n\t\t\tclass=\"so-widget-sow-editor so-widget-sow-editor-base\"\n\t\t\t\n\t\t><h3 class=\"widget-title\">Zmienno\u015b\u0107 to moja sta\u0142a<\/h3>\n<div class=\"siteorigin-widget-tinymce textwidget\">\n\t<p data-start=\"306\" data-end=\"726\">Produkcj\u0119 zaczyna\u0142am od <strong>folii flex<\/strong> \u2014 dawa\u0142a du\u017co mo\u017cliwo\u015bci, przede wszystkim trwa\u0142o\u015b\u0107 ale te\u017c szybko pokaza\u0142a swoje ograniczenia. Lepiej by\u0142o z <strong>sublimacj\u0105 <\/strong>ale to nadal plastik i to mi si\u0119 nie podoba\u0142o.<br data-start=\"430\" data-end=\"433\"\/>Potem <strong>linoryt<\/strong>, bo zawsze lubi\u0142am eksperymentowa\u0107 i sprawdza\u0107, <em data-start=\"499\" data-end=\"511\">czy si\u0119 da<\/em>.&nbsp;<br data-start=\"512\" data-end=\"515\"\/>Poszukiwa\u0144 nigdy do\u015b\u0107, zamarzy\u0142 mi si\u0119 <strong>sitodruk<\/strong> \u2014 w domu, na stole, z farb\u0105 wsz\u0119dzie tam, gdzie nie powinna by\u0107. Sporo chaosu, ale te\u017c masa satysfakcji.<br data-start=\"636\" data-end=\"639\"\/>A\u017c w ko\u0144cu odkry\u0142am druk cyfrowy <strong>DTG<\/strong> \u2014 doskona\u0142e odwzorowanie koloru, przej\u015b\u0107 tonalnych, a do tego trwa\u0142y.&nbsp;<\/p>\n<p data-start=\"306\" data-end=\"726\">Dzi\u015b projektuj\u0119 pod wszystkie techniki \u2014 w zale\u017cno\u015bci od potrzeb i charakteru wzoru \u2014 ale to druk cyfrowy daje mi najwi\u0119ksz\u0105 swobod\u0119.<br data-start=\"968\" data-end=\"971\"\/>To w\u0142a\u015bnie tam odnajduj\u0119 r\u00f3wnowag\u0119 mi\u0119dzy precyzj\u0105 a spontaniczno\u015bci\u0105.<\/p>\n<\/div>\n<\/div><\/div><\/div><div id=\"pgc-gb3329-69e028d80bc96-0-1\"  class=\"panel-grid-cell\" ><div id=\"panel-gb3329-69e028d80bc96-0-1-0\" class=\"so-panel widget widget_sow-editor panel-first-child panel-last-child\" data-index=\"3\" ><div\n\t\t\t\n\t\t\tclass=\"so-widget-sow-editor so-widget-sow-editor-base\"\n\t\t\t\n\t\t>\n<div class=\"siteorigin-widget-tinymce textwidget\">\n\tngg_shortcode_0_placeholder\n<\/div>\n<\/div><\/div><\/div><\/div><\/div>\n\n\n<p><\/p>\n","protected":false},"excerpt":{"rendered":"<p>Slacking powsta\u0142 z potrzeby po\u0142\u0105czenia dw\u00f3ch \u015bwiat\u00f3w \u2014 grafiki i slackline\u2019u.\u2028 Zrodzi\u0142 si\u0119 z pasji, kt\u00f3ra od lat towarzyszy mi na ta\u015bmie i w pracy tw\u00f3rczej.\u2028&nbsp; Projektowanie to dla mnie forma poszukiwania r\u00f3wnowagi \u2014 mi\u0119dzy ruchem a spokojem, minimalizmem a ekspresj\u0105.\u2028 Ka\u017cdy wz\u00f3r powstaje od serca \u2014 czasem z odrobin\u0105 chaosu, ale zawsze z pasj\u0105.<\/p>\n","protected":false},"author":1,"featured_media":0,"parent":0,"menu_order":0,"comment_status":"closed","ping_status":"closed","template":"","meta":{"ngg_post_thumbnail":0,"jetpack_post_was_ever_published":true,"footnotes":""},"class_list":["post-3329","page","type-page","status-publish","hentry"],"jetpack_sharing_enabled":true,"jetpack_shortlink":"https:\/\/wp.me\/PaNKVB-RH","_links":{"self":[{"href":"https:\/\/slacking.pl\/index.php\/wp-json\/wp\/v2\/pages\/3329","targetHints":{"allow":["GET"]}}],"collection":[{"href":"https:\/\/slacking.pl\/index.php\/wp-json\/wp\/v2\/pages"}],"about":[{"href":"https:\/\/slacking.pl\/index.php\/wp-json\/wp\/v2\/types\/page"}],"author":[{"embeddable":true,"href":"https:\/\/slacking.pl\/index.php\/wp-json\/wp\/v2\/users\/1"}],"replies":[{"embeddable":true,"href":"https:\/\/slacking.pl\/index.php\/wp-json\/wp\/v2\/comments?post=3329"}],"version-history":[{"count":25,"href":"https:\/\/slacking.pl\/index.php\/wp-json\/wp\/v2\/pages\/3329\/revisions"}],"predecessor-version":[{"id":3589,"href":"https:\/\/slacking.pl\/index.php\/wp-json\/wp\/v2\/pages\/3329\/revisions\/3589"}],"wp:attachment":[{"href":"https:\/\/slacking.pl\/index.php\/wp-json\/wp\/v2\/media?parent=3329"}],"curies":[{"name":"wp","href":"https:\/\/api.w.org\/{rel}","templated":true}]}}